{"id":15717,"date":"2024-06-10T16:44:08","date_gmt":"2024-06-10T16:44:08","guid":{"rendered":"https:\/\/nordlichtdeele-sylt.de\/?page_id=15717"},"modified":"2024-06-10T20:52:57","modified_gmt":"2024-06-10T20:52:57","slug":"impressum","status":"publish","type":"page","link":"https:\/\/nordlichtdeele-sylt.de\/index.php\/home-nordlichtdeele\/impressum\/","title":{"rendered":"Impressum"},"content":{"rendered":"\t\t<div data-elementor-type=\"wp-page\" data-elementor-id=\"15717\" class=\"elementor elementor-15717\" data-elementor-post-type=\"page\">\n\t\t\t\t<div class=\"wd-negative-gap elementor-element elementor-element-2b526d9 e-grid e-con-boxed e-con e-parent\" data-id=\"2b526d9\" data-element_type=\"container\">\n\t\t\t\t\t<div class=\"e-con-inner\">\n\t\t\t\t<div class=\"elementor-element elementor-element-a74af84 color-scheme-inherit text-left elementor-widget elementor-widget-text-editor\" data-id=\"a74af84\" data-element_type=\"widget\" data-widget_type=\"text-editor.default\">\n\t\t\t\t<div class=\"elementor-widget-container\">\n\t\t\t\t\t\t\t\t\t<div class=\"et_pb_column et_pb_column_1_2 et_pb_column_0 et_pb_css_mix_blend_mode_passthrough\"><div class=\"et_pb_module et_pb_text et_pb_text_0 et_pb_text_align_left et_pb_bg_layout_light\"><div class=\"et_pb_text_inner\"><div id=\"cnt1290\" class=\"dCon p4-cnt-richtext\"><h1><strong>Nordlichtdeele Sylt<\/strong><\/h1><p>Waterplace GmbH<br \/>Berner Weg 31<br \/>22393 Hamburg<br \/>Gesch\u00e4ftsf\u00fchrer: Dennis Zoeftig<\/p><\/div><div id=\"cnt386\" class=\"dCon p4-cnt-richtext\"><p>Registereintrag:<br \/>Eintragung im Handelsregister<br \/>Handelsregister: HRB 64317<br \/>Registergericht: Hamburg<\/p><\/div><\/div><\/div><\/div><div class=\"et_pb_column et_pb_column_1_2 et_pb_column_1 et_pb_css_mix_blend_mode_passthrough et-last-child\"><div class=\"et_pb_module et_pb_text et_pb_text_1 et_pb_text_align_left et_pb_bg_layout_light\"><div class=\"et_pb_text_inner\"><div id=\"cnt1290\" class=\"dCon p4-cnt-richtext\"><div id=\"cnt1291\" class=\"dCon p4-cnt-richtext\">\u00a0<\/div><div id=\"cnt389\" class=\"dCon p4-cnt-richtext\">\u00a0<\/div><\/div><\/div><\/div><\/div>\t\t\t\t\t\t\t\t<\/div>\n\t\t\t\t<\/div>\n\t\t\t\t<div class=\"elementor-element elementor-element-8d6724a color-scheme-inherit text-left elementor-widget elementor-widget-text-editor\" data-id=\"8d6724a\" data-element_type=\"widget\" data-widget_type=\"text-editor.default\">\n\t\t\t\t<div class=\"elementor-widget-container\">\n\t\t\t\t\t\t\t\t\t<h3><strong>Kontakt:<\/strong><\/h3><p>Dennis Zoeftig<br \/>mobil:\u00a0 \u00a0 +49 (0)172 433 60 38<br \/>Telefon:\u00a0+49 (0)40 36 94 6442<br \/>Telefax: +49 (0)40 74 30 5887<br \/>E-Mail: <a href=\"mailto:info@gaestehaus-mueritzsee.de\">moin@nordlichtdeele-sylt.de<\/a><\/p><p>Umsatzsteuer:<br \/>Umsatzsteuer-Identifikationsnummer<br \/>gem\u00e4\u00df \u00a727 a Umsatzsteuergesetz: DE 182 417 394<\/p>\t\t\t\t\t\t\t\t<\/div>\n\t\t\t\t<\/div>\n\t\t\t\t\t<\/div>\n\t\t\t\t<\/div>\n\t\t<div class=\"wd-negative-gap elementor-element elementor-element-3c2eca3 e-flex e-con-boxed e-con e-parent\" data-id=\"3c2eca3\" data-element_type=\"container\">\n\t\t\t\t\t<div class=\"e-con-inner\">\n\t\t\t\t<div class=\"elementor-element elementor-element-5573803 color-scheme-inherit text-left elementor-widget elementor-widget-text-editor\" data-id=\"5573803\" data-element_type=\"widget\" data-widget_type=\"text-editor.default\">\n\t\t\t\t<div class=\"elementor-widget-container\">\n\t\t\t\t\t\t\t\t\t<div id=\"cnt406\" class=\"dCon p4-cnt-richtext\"><h3>Haftung f\u00fcr Inhalte<\/h3><p>Als Diensteanbieter sind wir gem\u00e4\u00df \u00a7 7 Abs.1 TMG f\u00fcr eigene Inhalte auf diesen Seiten nach den allgemeinen Gesetzen verantwortlich. Nach \u00a7\u00a7 8 bis 10 TMG sind wir als Diensteanbieter jedoch nicht verpflichtet, \u00fcbermittelte oder gespeicherte fremde Informationen zu \u00fcberwachen oder nach Umst\u00e4nden zu forschen, die auf eine rechtswidrige T\u00e4tigkeit hinweisen.<\/p><p>Verpflichtungen zur Entfernung oder Sperrung der Nutzung von Informationen nach den allgemeinen Gesetzen bleiben hiervon unber\u00fchrt. Eine diesbez\u00fcgliche Haftung ist jedoch erst ab dem Zeitpunkt der Kenntnis einer konkreten Rechtsverletzung m\u00f6glich. Bei Bekanntwerden von entsprechenden Rechtsverletzungen werden wir diese Inhalte umgehend entfernen.<\/p><p>Haftung f\u00fcr Links<br \/>Unser Angebot enth\u00e4lt Links zu externen Websites Dritter, auf deren Inhalte wir keinen Einfluss haben. Deshalb k\u00f6nnen wir f\u00fcr diese fremden Inhalte auch keine Gew\u00e4hr \u00fcbernehmen. F\u00fcr die Inhalte der verlinkten Seiten ist stets der jeweilige Anbieter oder Betreiber der Seiten verantwortlich. Die verlinkten Seiten wurden zum Zeitpunkt der Verlinkung auf m\u00f6gliche Rechtsverst\u00f6\u00dfe \u00fcberpr\u00fcft. Rechtswidrige Inhalte waren zum Zeitpunkt der Verlinkung nicht erkennbar.<\/p><p>Eine permanente inhaltliche Kontrolle der verlinkten Seiten ist jedoch ohne konkrete Anhaltspunkte einer Rechtsverletzung nicht zumutbar. Bei Bekanntwerden von Rechtsverletzungen werden wir derartige Links umgehend entfernen.<\/p><p>Urheberrecht<br \/>Die durch die Seitenbetreiber erstellten Inhalte und Werke auf diesen Seiten unterliegen dem deutschen Urheberrecht. Die Vervielf\u00e4ltigung, Bearbeitung, Verbreitung und jede Art der Verwertung au\u00dferhalb der Grenzen des Urheberrechtes bed\u00fcrfen der schriftlichen Zustimmung des jeweiligen Autors bzw. Erstellers. Downloads und Kopien dieser Seite sind nur f\u00fcr den privaten, nicht kommerziellen Gebrauch gestattet.<\/p><p>Soweit die Inhalte auf dieser Seite nicht vom Betreiber erstellt wurden, werden die Urheberrechte Dritter beachtet. Insbesondere werden Inhalte Dritter als solche gekennzeichnet. Sollten Sie trotzdem auf eine Urheberrechtsverletzung aufmerksam werden, bitten wir um einen entsprechenden Hinweis. Bei Bekanntwerden von Rechtsverletzungen werden wir derartige Inhalte umgehend entfernen.<\/p><p>Quelle: <a href=\"https:\/\/www.e-recht24.de\/\" target=\"_blank\" rel=\"nofollow noreferrer noopener\">e-recht24.de<\/a><\/p><p>Gem\u00e4\u00df \u00a7 28 BDSG widerspreche ich (Manfred R\u00f6mer) jeder kommerziellen Verwendung und Weitergabe meiner Daten. Der Inhalt dieser Homepage ist urheberrechtlich gesch\u00fctzt. Die Informationen sind nur f\u00fcr die pers\u00f6nliche Verwendung bestimmt.<\/p><p>Jede weitergehende Nutzung insbesondere die Speicherung in Datenbanken, Vervielf\u00e4ltigung und jede Form von gewerblicher Nutzung sowie die Weitergabe an Dritte \u2013 auch in Teilen oder in \u00fcberarbeiteter Form ist ohne meine Zustimmung untersagt.<\/p><\/div><div id=\"cnt407\" class=\"dCon p4-cnt-richtext\"><p>Beschwerdeverfahren via online-Streitbeilegung f\u00fcr Verbraucher (OS): <a title=\"http:\/\/ec.europa.eu\/consumers\/odr\/main\/index.cfm?event=main.home.chooseLanguage\" href=\"http:\/\/ec.europa.eu\/consumers\/odr\/main\/index.cfm?event=main.home.chooseLanguage\" target=\"_blank\" rel=\"nofollow noreferrer noopener\">http:\/\/ec.europa.eu\/consumers\/odr\/<\/a>.<\/p><p>Wir sind zur Beilegung von Streitigkeiten mit Verbrauchern vor der folgenden Verbraucherschlichtungsstelle bereit. Verbraucher k\u00f6nnen sich hierzu an die folgende Verbraucherschlichtungsstelle wenden: Allgemeine Verbraucherschlichtungsstelle des Zentrums f\u00fcr Schlichtung e.V., Stra\u00dfburger Stra\u00dfe 8, 77694 Kehl, Tel.: 0049 7851 7957 940, Telefax: 0049 7851 7957 941, Internet:<a title=\"https:\/\/www.verbraucher-schlichter.de\" href=\"https:\/\/www.verbraucher-schlichter.de\/\" target=\"_blank\" rel=\"nofollow noreferrer noopener\">\u00a0www.verbraucher-schlichter.de<\/a>,<\/p><p>E-Mail:\u00a0<a title=\"mailto:mail@verbraucher-schlichter.de\" href=\"mailto:mail@verbraucher-schlichter.de\">mail@verbraucher-schlichter.de<\/a><\/p><\/div>\t\t\t\t\t\t\t\t<\/div>\n\t\t\t\t<\/div>\n\t\t\t\t\t<\/div>\n\t\t\t\t<\/div>\n\t\t\t\t<\/div>\n\t\t","protected":false},"excerpt":{"rendered":"<p>Nordlichtdeele Sylt Waterplace GmbHBerner Weg 3122393 HamburgGesch\u00e4ftsf\u00fchrer: Dennis Zoeftig Registereintrag:Eintragung im HandelsregisterHandelsregister: HRB 64317Registergericht: Hamburg \u00a0\u00a0 Kontakt: Dennis Zoeftigmobil:\u00a0 \u00a0<\/p>\n","protected":false},"author":1,"featured_media":0,"parent":15146,"menu_order":0,"comment_status":"closed","ping_status":"closed","template":"","meta":{"footnotes":""},"class_list":["post-15717","page","type-page","status-publish","hentry"],"yoast_head":"<!-- This site is optimized with the Yoast SEO plugin v24.7 - https:\/\/yoast.com\/wordpress\/plugins\/seo\/ -->\n<title>Impressum - Nordlichtdeele Sylt<\/title>\n<meta name=\"robots\" content=\"index, follow, max-snippet:-1, max-image-preview:large, max-video-preview:-1\" \/>\n<link rel=\"canonical\" href=\"https:\/\/nordlichtdeele-sylt.de\/index.php\/home-nordlichtdeele\/impressum\/\" \/>\n<meta property=\"og:locale\" content=\"de_DE\" \/>\n<meta property=\"og:type\" content=\"article\" \/>\n<meta property=\"og:title\" content=\"Impressum - Nordlichtdeele Sylt\" \/>\n<meta property=\"og:description\" content=\"Nordlichtdeele Sylt Waterplace GmbHBerner Weg 3122393 HamburgGesch\u00e4ftsf\u00fchrer: Dennis Zoeftig Registereintrag:Eintragung im HandelsregisterHandelsregister: HRB 64317Registergericht: Hamburg \u00a0\u00a0 Kontakt: Dennis Zoeftigmobil:\u00a0 \u00a0\" \/>\n<meta property=\"og:url\" content=\"https:\/\/nordlichtdeele-sylt.de\/index.php\/home-nordlichtdeele\/impressum\/\" \/>\n<meta property=\"og:site_name\" content=\"Nordlichtdeele Sylt\" \/>\n<meta property=\"article:modified_time\" content=\"2024-06-10T20:52:57+00:00\" \/>\n<meta name=\"twitter:card\" content=\"summary_large_image\" \/>\n<meta name=\"twitter:label1\" content=\"Gesch\u00e4tzte Lesezeit\" \/>\n\t<meta name=\"twitter:data1\" content=\"1\u00a0Minute\" \/>\n<script type=\"application\/ld+json\" class=\"yoast-schema-graph\">{\"@context\":\"https:\/\/schema.org\",\"@graph\":[{\"@type\":\"WebPage\",\"@id\":\"https:\/\/nordlichtdeele-sylt.de\/index.php\/home-nordlichtdeele\/impressum\/\",\"url\":\"https:\/\/nordlichtdeele-sylt.de\/index.php\/home-nordlichtdeele\/impressum\/\",\"name\":\"Impressum - Nordlichtdeele Sylt\",\"isPartOf\":{\"@id\":\"https:\/\/nordlichtdeele-sylt.de\/#website\"},\"datePublished\":\"2024-06-10T16:44:08+00:00\",\"dateModified\":\"2024-06-10T20:52:57+00:00\",\"breadcrumb\":{\"@id\":\"https:\/\/nordlichtdeele-sylt.de\/index.php\/home-nordlichtdeele\/impressum\/#breadcrumb\"},\"inLanguage\":\"de\",\"potentialAction\":[{\"@type\":\"ReadAction\",\"target\":[\"https:\/\/nordlichtdeele-sylt.de\/index.php\/home-nordlichtdeele\/impressum\/\"]}]},{\"@type\":\"BreadcrumbList\",\"@id\":\"https:\/\/nordlichtdeele-sylt.de\/index.php\/home-nordlichtdeele\/impressum\/#breadcrumb\",\"itemListElement\":[{\"@type\":\"ListItem\",\"position\":1,\"name\":\"Startseite\",\"item\":\"https:\/\/nordlichtdeele-sylt.de\/\"},{\"@type\":\"ListItem\",\"position\":2,\"name\":\"Home Nordlichtdeele\",\"item\":\"https:\/\/nordlichtdeele-sylt.de\/\"},{\"@type\":\"ListItem\",\"position\":3,\"name\":\"Impressum\"}]},{\"@type\":\"WebSite\",\"@id\":\"https:\/\/nordlichtdeele-sylt.de\/#website\",\"url\":\"https:\/\/nordlichtdeele-sylt.de\/\",\"name\":\"Nordlichtdeele Sylt\",\"description\":\"\",\"potentialAction\":[{\"@type\":\"SearchAction\",\"target\":{\"@type\":\"EntryPoint\",\"urlTemplate\":\"https:\/\/nordlichtdeele-sylt.de\/?s={search_term_string}\"},\"query-input\":{\"@type\":\"PropertyValueSpecification\",\"valueRequired\":true,\"valueName\":\"search_term_string\"}}],\"inLanguage\":\"de\"}]}<\/script>\n<!-- \/ Yoast SEO plugin. -->","yoast_head_json":{"title":"Impressum - Nordlichtdeele Sylt","robots":{"index":"index","follow":"follow","max-snippet":"max-snippet:-1","max-image-preview":"max-image-preview:large","max-video-preview":"max-video-preview:-1"},"canonical":"https:\/\/nordlichtdeele-sylt.de\/index.php\/home-nordlichtdeele\/impressum\/","og_locale":"de_DE","og_type":"article","og_title":"Impressum - Nordlichtdeele Sylt","og_description":"Nordlichtdeele Sylt Waterplace GmbHBerner Weg 3122393 HamburgGesch\u00e4ftsf\u00fchrer: Dennis Zoeftig Registereintrag:Eintragung im HandelsregisterHandelsregister: HRB 64317Registergericht: Hamburg \u00a0\u00a0 Kontakt: Dennis Zoeftigmobil:\u00a0 \u00a0","og_url":"https:\/\/nordlichtdeele-sylt.de\/index.php\/home-nordlichtdeele\/impressum\/","og_site_name":"Nordlichtdeele Sylt","article_modified_time":"2024-06-10T20:52:57+00:00","twitter_card":"summary_large_image","twitter_misc":{"Gesch\u00e4tzte Lesezeit":"1\u00a0Minute"},"schema":{"@context":"https:\/\/schema.org","@graph":[{"@type":"WebPage","@id":"https:\/\/nordlichtdeele-sylt.de\/index.php\/home-nordlichtdeele\/impressum\/","url":"https:\/\/nordlichtdeele-sylt.de\/index.php\/home-nordlichtdeele\/impressum\/","name":"Impressum - Nordlichtdeele Sylt","isPartOf":{"@id":"https:\/\/nordlichtdeele-sylt.de\/#website"},"datePublished":"2024-06-10T16:44:08+00:00","dateModified":"2024-06-10T20:52:57+00:00","breadcrumb":{"@id":"https:\/\/nordlichtdeele-sylt.de\/index.php\/home-nordlichtdeele\/impressum\/#breadcrumb"},"inLanguage":"de","potentialAction":[{"@type":"ReadAction","target":["https:\/\/nordlichtdeele-sylt.de\/index.php\/home-nordlichtdeele\/impressum\/"]}]},{"@type":"BreadcrumbList","@id":"https:\/\/nordlichtdeele-sylt.de\/index.php\/home-nordlichtdeele\/impressum\/#breadcrumb","itemListElement":[{"@type":"ListItem","position":1,"name":"Startseite","item":"https:\/\/nordlichtdeele-sylt.de\/"},{"@type":"ListItem","position":2,"name":"Home Nordlichtdeele","item":"https:\/\/nordlichtdeele-sylt.de\/"},{"@type":"ListItem","position":3,"name":"Impressum"}]},{"@type":"WebSite","@id":"https:\/\/nordlichtdeele-sylt.de\/#website","url":"https:\/\/nordlichtdeele-sylt.de\/","name":"Nordlichtdeele Sylt","description":"","potentialAction":[{"@type":"SearchAction","target":{"@type":"EntryPoint","urlTemplate":"https:\/\/nordlichtdeele-sylt.de\/?s={search_term_string}"},"query-input":{"@type":"PropertyValueSpecification","valueRequired":true,"valueName":"search_term_string"}}],"inLanguage":"de"}]}},"_links":{"self":[{"href":"https:\/\/nordlichtdeele-sylt.de\/index.php\/wp-json\/wp\/v2\/pages\/15717","targetHints":{"allow":["GET"]}}],"collection":[{"href":"https:\/\/nordlichtdeele-sylt.de\/index.php\/wp-json\/wp\/v2\/pages"}],"about":[{"href":"https:\/\/nordlichtdeele-sylt.de\/index.php\/wp-json\/wp\/v2\/types\/page"}],"author":[{"embeddable":true,"href":"https:\/\/nordlichtdeele-sylt.de\/index.php\/wp-json\/wp\/v2\/users\/1"}],"replies":[{"embeddable":true,"href":"https:\/\/nordlichtdeele-sylt.de\/index.php\/wp-json\/wp\/v2\/comments?post=15717"}],"version-history":[{"count":11,"href":"https:\/\/nordlichtdeele-sylt.de\/index.php\/wp-json\/wp\/v2\/pages\/15717\/revisions"}],"predecessor-version":[{"id":15758,"href":"https:\/\/nordlichtdeele-sylt.de\/index.php\/wp-json\/wp\/v2\/pages\/15717\/revisions\/15758"}],"up":[{"embeddable":true,"href":"https:\/\/nordlichtdeele-sylt.de\/index.php\/wp-json\/wp\/v2\/pages\/15146"}],"wp:attachment":[{"href":"https:\/\/nordlichtdeele-sylt.de\/index.php\/wp-json\/wp\/v2\/media?parent=15717"}],"curies":[{"name":"wp","href":"https:\/\/api.w.org\/{rel}","templated":true}]}}